{"id":21,"date":"2023-12-09T14:05:28","date_gmt":"2023-12-09T13:05:28","guid":{"rendered":"http:\/\/szulejko.pl\/?page_id=21"},"modified":"2023-12-09T14:18:02","modified_gmt":"2023-12-09T13:18:02","slug":"kontakt","status":"publish","type":"page","link":"http:\/\/szulejko.pl\/?page_id=21","title":{"rendered":"Kontakt:"},"content":{"rendered":"\n<div class=\"wp-block-group alignwide has-global-padding is-layout-constrained wp-block-group-is-layout-constrained\">\n<h1 class=\"wp-block-heading alignwide has-text-align-center has-xx-large-font-size\" style=\"line-height:1.2\">siedziba sp\u00f3\u0142ki: <\/h1>\n\n\n\n<h3 class=\"wp-block-heading alignwide has-text-align-center has-xx-large-font-size\" style=\"line-height:1.2\">97-310 Kie\u0142cz\u00f3wka ul. Piotrkowska 22<\/h3>\n<\/div>\n\n\n\n<h4 class=\"wp-block-heading has-text-align-center\">Prezes zarz\u0105du\/Chief Executive Officer:<\/h4>\n\n\n\n<h2 class=\"wp-block-heading has-text-align-center\"> Rafa\u0142 Szulejko <\/h2>\n\n\n\n<h2 class=\"wp-block-heading has-text-align-center\">tel. +48792321060<\/h2>\n\n\n\n<p><\/p>\n","protected":false},"excerpt":{"rendered":"<p>siedziba sp\u00f3\u0142ki: 97-310 Kie\u0142cz\u00f3wka ul. Piotrkowska 22 Prezes zarz\u0105du\/Chief Executive Officer: Rafa\u0142 Szulejko tel. +48792321060<\/p>\n","protected":false},"author":1,"featured_media":0,"parent":0,"menu_order":0,"comment_status":"closed","ping_status":"closed","template":"","meta":{"footnotes":""},"class_list":["post-21","page","type-page","status-publish","hentry"],"_links":{"self":[{"href":"http:\/\/szulejko.pl\/index.php?rest_route=\/wp\/v2\/pages\/21","targetHints":{"allow":["GET"]}}],"collection":[{"href":"http:\/\/szulejko.pl\/index.php?rest_route=\/wp\/v2\/pages"}],"about":[{"href":"http:\/\/szulejko.pl\/index.php?rest_route=\/wp\/v2\/types\/page"}],"author":[{"embeddable":true,"href":"http:\/\/szulejko.pl\/index.php?rest_route=\/wp\/v2\/users\/1"}],"replies":[{"embeddable":true,"href":"http:\/\/szulejko.pl\/index.php?rest_route=%2Fwp%2Fv2%2Fcomments&post=21"}],"version-history":[{"count":4,"href":"http:\/\/szulejko.pl\/index.php?rest_route=\/wp\/v2\/pages\/21\/revisions"}],"predecessor-version":[{"id":34,"href":"http:\/\/szulejko.pl\/index.php?rest_route=\/wp\/v2\/pages\/21\/revisions\/34"}],"wp:attachment":[{"href":"http:\/\/szulejko.pl\/index.php?rest_route=%2Fwp%2Fv2%2Fmedia&parent=21"}],"curies":[{"name":"wp","href":"https:\/\/api.w.org\/{rel}","templated":true}]}}